{"id":13,"date":"2022-05-24T07:24:37","date_gmt":"2022-05-24T07:24:37","guid":{"rendered":"https:\/\/lumemuab.es\/?page_id=13"},"modified":"2022-05-27T23:33:57","modified_gmt":"2022-05-27T23:33:57","slug":"hermosos-portafolios-para-creativos-excepcionales","status":"publish","type":"page","link":"https:\/\/insitu.lumemuab.es\/","title":{"rendered":"Y te da miedo&#8230;"},"content":{"rendered":"\n<p class=\"has-text-align-left\">Miedo porque has o\u00eddo que las de competici\u00f3n entrenan m\u00e1s d\u00edas a la semana y m\u00e1s horas, miedo porque tienen muchos compromisos los fines de semana y a ver qu\u00e9 haces tu con la familia\u2026 Miedo porque viajan, y sobre todo, que te han dicho que las madres se pasan horas pegando cristalitos de <em>swarosky\u00a0<\/em>en los maillots de competici\u00f3n. No te gusta empezar algo y luego dejarlo a medias, y a\u00fan as\u00ed, lo apostaste todo a una sola carta, y aqu\u00ed est\u00e1s, dej\u00e1ndote\u00a0el alma en ello.<\/p>\n\n\n\n<div style=\"height:55px\" aria-hidden=\"true\" class=\"wp-block-spacer\"><\/div>\n\n\n\n<div class=\"wp-block-group alignfull has-background\" style=\"background-color:#e5e9ec\"><div class=\"wp-block-group__inner-container is-layout-flow wp-block-group-is-layout-flow\">\n<div class=\"wp-block-columns is-layout-flex wp-container-core-columns-is-layout-9d6595d7 wp-block-columns-is-layout-flex\">\n<div class=\"wp-block-column is-vertically-aligned-center is-layout-flow wp-block-column-is-layout-flow\">\n<h2 class=\"wp-block-heading\">Sobre mi <\/h2>\n\n\n\n<p>Hola, soy Luc\u00eda Murcia, Fot\u00f3grafa Profesional.<\/p>\n\n\n\n<p class=\"has-text-align-left\">Nac\u00ed en China, pero con 3 a\u00f1os, me trajeron a Espa\u00f1a, mi lugar de residencia.<\/p>\n\n\n\n<p class=\"has-text-align-left\">&nbsp;Llevo estudiando la Fotograf\u00eda y la Creaci\u00f3n Audiovisual durante m\u00e1s de 6 a\u00f1os, actualmente poseo el t\u00edtulo de Artes Pl\u00e1sticas y Dise\u00f1o en Fotograf\u00eda y el grado de Fotograf\u00eda y Creaci\u00f3n Audiovisual. Aun que nunca se deja de aprender.<\/p>\n\n\n\n<div class=\"wp-block-buttons is-horizontal is-content-justification-left is-layout-flex wp-container-core-buttons-is-layout-7e5fce0a wp-block-buttons-is-layout-flex\">\n<div class=\"wp-block-button is-style-outline is-style-outline--1\"><a class=\"wp-block-button__link\" href=\"https:\/\/insitu.lumemuab.es\/wordpress\/\" target=\"_blank\" rel=\"noreferrer noopener\">Mi p\u00e1gina web<\/a><\/div>\n<\/div>\n\n\n\n<p><\/p>\n<\/div>\n\n\n\n<div class=\"wp-block-column is-layout-flow wp-block-column-is-layout-flow\">\n<figure class=\"wp-block-image size-large is-resized\"><img loading=\"lazy\" decoding=\"async\" src=\"https:\/\/insitu.lumemuab.es\/wp-content\/uploads\/2022\/05\/DSC0131-Recuperado-01-01-edited-scaled.jpeg\" alt=\"\" class=\"wp-image-52\" width=\"385\" height=\"458\" srcset=\"https:\/\/insitu.lumemuab.es\/wp-content\/uploads\/2022\/05\/DSC0131-Recuperado-01-01-edited-scaled.jpeg 2149w, https:\/\/insitu.lumemuab.es\/wp-content\/uploads\/2022\/05\/DSC0131-Recuperado-01-01-edited-252x300.jpeg 252w, https:\/\/insitu.lumemuab.es\/wp-content\/uploads\/2022\/05\/DSC0131-Recuperado-01-01-edited-860x1024.jpeg 860w, https:\/\/insitu.lumemuab.es\/wp-content\/uploads\/2022\/05\/DSC0131-Recuperado-01-01-edited-768x915.jpeg 768w, https:\/\/insitu.lumemuab.es\/wp-content\/uploads\/2022\/05\/DSC0131-Recuperado-01-01-edited-1290x1536.jpeg 1290w, https:\/\/insitu.lumemuab.es\/wp-content\/uploads\/2022\/05\/DSC0131-Recuperado-01-01-edited-1720x2048.jpeg 1720w, https:\/\/insitu.lumemuab.es\/wp-content\/uploads\/2022\/05\/DSC0131-Recuperado-01-01-edited-2000x2382.jpeg 2000w\" sizes=\"auto, (max-width: 385px) 100vw, 385px\" \/><\/figure>\n\n\n\n<div style=\"height:48px\" aria-hidden=\"true\" class=\"wp-block-spacer\"><\/div>\n<\/div>\n<\/div>\n<\/div><\/div>\n\n\n\n<div class=\"wp-block-group alignfull\"><div class=\"wp-block-group__inner-container is-layout-flow wp-block-group-is-layout-flow\">\n<div class=\"wp-block-columns are-vertically-aligned-center is-layout-flex wp-container-core-columns-is-layout-9d6595d7 wp-block-columns-is-layout-flex\">\n<div class=\"wp-block-column is-vertically-aligned-center is-layout-flow wp-block-column-is-layout-flow\">\n<div style=\"height:48px\" aria-hidden=\"true\" class=\"wp-block-spacer\"><\/div>\n\n\n\n<figure class=\"wp-block-image size-large\"><img loading=\"lazy\" decoding=\"async\" width=\"1024\" height=\"672\" src=\"https:\/\/insitu.lumemuab.es\/wp-content\/uploads\/2022\/05\/IMG_4115IMG_4115-1024x672.jpg\" alt=\"\" class=\"wp-image-34\" srcset=\"https:\/\/insitu.lumemuab.es\/wp-content\/uploads\/2022\/05\/IMG_4115IMG_4115-1024x672.jpg 1024w, https:\/\/insitu.lumemuab.es\/wp-content\/uploads\/2022\/05\/IMG_4115IMG_4115-300x197.jpg 300w, https:\/\/insitu.lumemuab.es\/wp-content\/uploads\/2022\/05\/IMG_4115IMG_4115-768x504.jpg 768w, https:\/\/insitu.lumemuab.es\/wp-content\/uploads\/2022\/05\/IMG_4115IMG_4115-1536x1008.jpg 1536w, https:\/\/insitu.lumemuab.es\/wp-content\/uploads\/2022\/05\/IMG_4115IMG_4115-2048x1343.jpg 2048w, https:\/\/insitu.lumemuab.es\/wp-content\/uploads\/2022\/05\/IMG_4115IMG_4115-2000x1312.jpg 2000w\" sizes=\"auto, (max-width: 1024px) 100vw, 1024px\" \/><\/figure>\n<\/div>\n\n\n\n<div class=\"wp-block-column is-vertically-aligned-center is-layout-flow wp-block-column-is-layout-flow\">\n<h2 class=\"wp-block-heading\">Sobre el proyecto<\/h2>\n\n\n\n<p>En este proyecto pretendo, explicar lo que significa la palabra sacrificio, elegancia y elasticidad. Intentar\u00e9 que las im\u00e1genes sean totalmente art\u00edsticas haciendo que las posturas del cuerpo de la gimnasta en concreto, hablen por s\u00ed solo, har\u00e9 uso del refr\u00e1n \u201cUna imagen vale m\u00e1s que mil palabras\u201d, para expresar lo que es la disciplina con la elegancia de tan solo un deporte.<br>Para ellos plasmare en las fotograf\u00edas, el proceso de la preparaci\u00f3n de un \u201ctabla\u201d (coreograf\u00eda de gimnasia r\u00edtmica) incluyendo, calentamientos, estiramientos, sociabilizaci\u00f3n y realizaci\u00f3n de la tabla.<\/p>\n\n\n\n<div class=\"wp-block-buttons is-layout-flex wp-block-buttons-is-layout-flex\"><\/div>\n<\/div>\n<\/div>\n<\/div><\/div>\n\n\n\n<div class=\"wp-block-group alignfull has-black-background-color has-background\"><div class=\"wp-block-group__inner-container is-layout-flow wp-block-group-is-layout-flow\">\n<h2 class=\"has-text-align-center has-white-color has-text-color wp-block-heading\"><strong>Im\u00e1genes <\/strong><\/h2>\n\n\n\n<figure class=\"wp-block-gallery aligncenter has-nested-images columns-default is-cropped wp-block-gallery-2 is-layout-flex wp-block-gallery-is-layout-flex\">\n<figure class=\"wp-block-image size-large\"><img loading=\"lazy\" decoding=\"async\" width=\"1024\" height=\"672\" data-id=\"34\" src=\"https:\/\/insitu.lumemuab.es\/wp-content\/uploads\/2022\/05\/IMG_4115IMG_4115-1024x672.jpg\" alt=\"\" class=\"wp-image-34\" srcset=\"https:\/\/insitu.lumemuab.es\/wp-content\/uploads\/2022\/05\/IMG_4115IMG_4115-1024x672.jpg 1024w, https:\/\/insitu.lumemuab.es\/wp-content\/uploads\/2022\/05\/IMG_4115IMG_4115-300x197.jpg 300w, https:\/\/insitu.lumemuab.es\/wp-content\/uploads\/2022\/05\/IMG_4115IMG_4115-768x504.jpg 768w, https:\/\/insitu.lumemuab.es\/wp-content\/uploads\/2022\/05\/IMG_4115IMG_4115-1536x1008.jpg 1536w, https:\/\/insitu.lumemuab.es\/wp-content\/uploads\/2022\/05\/IMG_4115IMG_4115-2048x1343.jpg 2048w, https:\/\/insitu.lumemuab.es\/wp-content\/uploads\/2022\/05\/IMG_4115IMG_4115-2000x1312.jpg 2000w\" sizes=\"auto, (max-width: 1024px) 100vw, 1024px\" \/><\/figure>\n\n\n\n<figure class=\"wp-block-image size-large\"><img loading=\"lazy\" decoding=\"async\" width=\"1024\" height=\"541\" data-id=\"50\" src=\"https:\/\/insitu.lumemuab.es\/wp-content\/uploads\/2022\/05\/IMG_4003-1024x541.jpg\" alt=\"\" class=\"wp-image-50\" srcset=\"https:\/\/insitu.lumemuab.es\/wp-content\/uploads\/2022\/05\/IMG_4003-1024x541.jpg 1024w, https:\/\/insitu.lumemuab.es\/wp-content\/uploads\/2022\/05\/IMG_4003-300x158.jpg 300w, https:\/\/insitu.lumemuab.es\/wp-content\/uploads\/2022\/05\/IMG_4003-768x406.jpg 768w, https:\/\/insitu.lumemuab.es\/wp-content\/uploads\/2022\/05\/IMG_4003-1536x811.jpg 1536w, https:\/\/insitu.lumemuab.es\/wp-content\/uploads\/2022\/05\/IMG_4003-2048x1081.jpg 2048w, https:\/\/insitu.lumemuab.es\/wp-content\/uploads\/2022\/05\/IMG_4003-2000x1056.jpg 2000w\" sizes=\"auto, (max-width: 1024px) 100vw, 1024px\" \/><\/figure>\n\n\n\n<figure class=\"wp-block-image size-large\"><img loading=\"lazy\" decoding=\"async\" width=\"1024\" height=\"683\" data-id=\"49\" src=\"https:\/\/insitu.lumemuab.es\/wp-content\/uploads\/2022\/05\/IMG_3992-1024x683.jpg\" alt=\"\" class=\"wp-image-49\" srcset=\"https:\/\/insitu.lumemuab.es\/wp-content\/uploads\/2022\/05\/IMG_3992-1024x683.jpg 1024w, https:\/\/insitu.lumemuab.es\/wp-content\/uploads\/2022\/05\/IMG_3992-300x200.jpg 300w, https:\/\/insitu.lumemuab.es\/wp-content\/uploads\/2022\/05\/IMG_3992-768x512.jpg 768w, https:\/\/insitu.lumemuab.es\/wp-content\/uploads\/2022\/05\/IMG_3992-1536x1024.jpg 1536w, https:\/\/insitu.lumemuab.es\/wp-content\/uploads\/2022\/05\/IMG_3992-2048x1365.jpg 2048w, https:\/\/insitu.lumemuab.es\/wp-content\/uploads\/2022\/05\/IMG_3992-2000x1333.jpg 2000w\" sizes=\"auto, (max-width: 1024px) 100vw, 1024px\" \/><\/figure>\n\n\n\n<figure class=\"wp-block-image size-large\"><img loading=\"lazy\" decoding=\"async\" width=\"1024\" height=\"683\" data-id=\"47\" src=\"https:\/\/insitu.lumemuab.es\/wp-content\/uploads\/2022\/05\/IMG_3968-1024x683.jpg\" alt=\"\" class=\"wp-image-47\" srcset=\"https:\/\/insitu.lumemuab.es\/wp-content\/uploads\/2022\/05\/IMG_3968-1024x683.jpg 1024w, https:\/\/insitu.lumemuab.es\/wp-content\/uploads\/2022\/05\/IMG_3968-300x200.jpg 300w, https:\/\/insitu.lumemuab.es\/wp-content\/uploads\/2022\/05\/IMG_3968-768x512.jpg 768w, https:\/\/insitu.lumemuab.es\/wp-content\/uploads\/2022\/05\/IMG_3968-1536x1024.jpg 1536w, https:\/\/insitu.lumemuab.es\/wp-content\/uploads\/2022\/05\/IMG_3968-2048x1365.jpg 2048w, https:\/\/insitu.lumemuab.es\/wp-content\/uploads\/2022\/05\/IMG_3968-2000x1333.jpg 2000w\" sizes=\"auto, (max-width: 1024px) 100vw, 1024px\" \/><\/figure>\n\n\n\n<figure class=\"wp-block-image size-large\"><img loading=\"lazy\" decoding=\"async\" width=\"1024\" height=\"683\" data-id=\"48\" src=\"https:\/\/insitu.lumemuab.es\/wp-content\/uploads\/2022\/05\/IMG_3990-1024x683.jpg\" alt=\"\" class=\"wp-image-48\" srcset=\"https:\/\/insitu.lumemuab.es\/wp-content\/uploads\/2022\/05\/IMG_3990-1024x683.jpg 1024w, https:\/\/insitu.lumemuab.es\/wp-content\/uploads\/2022\/05\/IMG_3990-300x200.jpg 300w, https:\/\/insitu.lumemuab.es\/wp-content\/uploads\/2022\/05\/IMG_3990-768x512.jpg 768w, https:\/\/insitu.lumemuab.es\/wp-content\/uploads\/2022\/05\/IMG_3990-1536x1024.jpg 1536w, https:\/\/insitu.lumemuab.es\/wp-content\/uploads\/2022\/05\/IMG_3990-2048x1365.jpg 2048w, https:\/\/insitu.lumemuab.es\/wp-content\/uploads\/2022\/05\/IMG_3990-2000x1333.jpg 2000w\" sizes=\"auto, (max-width: 1024px) 100vw, 1024px\" \/><\/figure>\n\n\n\n<figure class=\"wp-block-image size-large\"><img loading=\"lazy\" decoding=\"async\" width=\"1024\" height=\"672\" data-id=\"46\" src=\"https:\/\/insitu.lumemuab.es\/wp-content\/uploads\/2022\/05\/IMG_3946-1024x672.jpg\" alt=\"\" class=\"wp-image-46\" srcset=\"https:\/\/insitu.lumemuab.es\/wp-content\/uploads\/2022\/05\/IMG_3946-1024x672.jpg 1024w, https:\/\/insitu.lumemuab.es\/wp-content\/uploads\/2022\/05\/IMG_3946-300x197.jpg 300w, https:\/\/insitu.lumemuab.es\/wp-content\/uploads\/2022\/05\/IMG_3946-768x504.jpg 768w, https:\/\/insitu.lumemuab.es\/wp-content\/uploads\/2022\/05\/IMG_3946-1536x1008.jpg 1536w, https:\/\/insitu.lumemuab.es\/wp-content\/uploads\/2022\/05\/IMG_3946-2048x1343.jpg 2048w, https:\/\/insitu.lumemuab.es\/wp-content\/uploads\/2022\/05\/IMG_3946-2000x1312.jpg 2000w\" sizes=\"auto, (max-width: 1024px) 100vw, 1024px\" \/><\/figure>\n<\/figure>\n\n\n\n<div class=\"wp-block-buttons alignwide is-content-justification-center is-layout-flex wp-container-core-buttons-is-layout-16018d1d wp-block-buttons-is-layout-flex\">\n<div class=\"wp-block-button\"><a class=\"wp-block-button__link\" href=\"https:\/\/insitu.lumemuab.es\/?page_id=14\" target=\"_blank\" rel=\"noreferrer noopener\">Ver m\u00e1s<\/a><\/div>\n<\/div>\n<\/div><\/div>\n","protected":false},"excerpt":{"rendered":"<p>Miedo porque has o\u00eddo que las de competici\u00f3n entrenan m\u00e1s d\u00edas a la semana y m\u00e1s horas, miedo porque tienen muchos compromisos los fines de semana y a ver qu\u00e9 haces tu con la familia\u2026 Miedo porque viajan, y sobre todo, que te han dicho que las madres se pasan horas pegando cristalitos de swarosky\u00a0en &hellip; <\/p>\n<p class=\"link-more\"><a href=\"https:\/\/insitu.lumemuab.es\/\" class=\"more-link\">Leer m\u00e1s<span class=\"screen-reader-text\"> \u00abY te da miedo&#8230;\u00bb<\/span><\/a><\/p>\n","protected":false},"author":1,"featured_media":46,"parent":0,"menu_order":0,"comment_status":"closed","ping_status":"closed","template":"","meta":{"footnotes":""},"class_list":["post-13","page","type-page","status-publish","has-post-thumbnail","hentry"],"_links":{"self":[{"href":"https:\/\/insitu.lumemuab.es\/index.php?rest_route=\/wp\/v2\/pages\/13","targetHints":{"allow":["GET"]}}],"collection":[{"href":"https:\/\/insitu.lumemuab.es\/index.php?rest_route=\/wp\/v2\/pages"}],"about":[{"href":"https:\/\/insitu.lumemuab.es\/index.php?rest_route=\/wp\/v2\/types\/page"}],"author":[{"embeddable":true,"href":"https:\/\/insitu.lumemuab.es\/index.php?rest_route=\/wp\/v2\/users\/1"}],"replies":[{"embeddable":true,"href":"https:\/\/insitu.lumemuab.es\/index.php?rest_route=%2Fwp%2Fv2%2Fcomments&post=13"}],"version-history":[{"count":11,"href":"https:\/\/insitu.lumemuab.es\/index.php?rest_route=\/wp\/v2\/pages\/13\/revisions"}],"predecessor-version":[{"id":117,"href":"https:\/\/insitu.lumemuab.es\/index.php?rest_route=\/wp\/v2\/pages\/13\/revisions\/117"}],"wp:featuredmedia":[{"embeddable":true,"href":"https:\/\/insitu.lumemuab.es\/index.php?rest_route=\/wp\/v2\/media\/46"}],"wp:attachment":[{"href":"https:\/\/insitu.lumemuab.es\/index.php?rest_route=%2Fwp%2Fv2%2Fmedia&parent=13"}],"curies":[{"name":"wp","href":"https:\/\/api.w.org\/{rel}","templated":true}]}}